{"id":66,"date":"2017-02-12T15:04:22","date_gmt":"2017-02-12T14:04:22","guid":{"rendered":"http:\/\/rot-weisse-spreewaldgurken.de\/?page_id=66"},"modified":"2017-02-13T21:03:20","modified_gmt":"2017-02-13T20:03:20","slug":"downloads","status":"publish","type":"page","link":"http:\/\/rot-weisse-spreewaldgurken.de\/?page_id=66","title":{"rendered":"Mitglied werden"},"content":{"rendered":"<p>Falls ihr euch uns anschlie\u00dfen m\u00f6chtet, kein Problem. Bitte f\u00fcllt den Antrag aus und unterschreibt die Verhaltensregeln. Diese sendet dann an <a href=\"mailto:bayern@djpit-t.de\">bayern@djpit-t.de<\/a> und ihr erhaltet schnellstm\u00f6glich eine Antwort. Sollten wir uns nicht kennen, ruft einfach vorher unter den angegebenen Telefonnummern an, damit wir wissen, mit wem wir es zu tun haben. Voraussetzung ist eine Rot-Wei\u00dfe Gesinnung und ein wenig Einsatzbereitschaft.<\/p>\n<p><a href=\"http:\/\/rot-weisse-spreewaldgurken.de\/wp-content\/uploads\/2017\/02\/Mitgliedsantrag.pdf\">Mitgliedsantrag<\/a><\/p>\n<p><a href=\"http:\/\/rot-weisse-spreewaldgurken.de\/wp-content\/uploads\/2017\/02\/Verhaltensregeln.pdf\">Verhaltensregeln<\/a><\/p>\n","protected":false},"excerpt":{"rendered":"<p>Falls ihr euch uns anschlie\u00dfen m\u00f6chtet, kein Problem. Bitte f\u00fcllt&#8230;<\/p>\n","protected":false},"author":1,"featured_media":0,"parent":0,"menu_order":0,"comment_status":"closed","ping_status":"closed","template":"","meta":[],"_links":{"self":[{"href":"http:\/\/rot-weisse-spreewaldgurken.de\/index.php?rest_route=\/wp\/v2\/pages\/66"}],"collection":[{"href":"http:\/\/rot-weisse-spreewaldgurken.de\/index.php?rest_route=\/wp\/v2\/pages"}],"about":[{"href":"http:\/\/rot-weisse-spreewaldgurken.de\/index.php?rest_route=\/wp\/v2\/types\/page"}],"author":[{"embeddable":true,"href":"http:\/\/rot-weisse-spreewaldgurken.de\/index.php?rest_route=\/wp\/v2\/users\/1"}],"replies":[{"embeddable":true,"href":"http:\/\/rot-weisse-spreewaldgurken.de\/index.php?rest_route=%2Fwp%2Fv2%2Fcomments&post=66"}],"version-history":[{"count":7,"href":"http:\/\/rot-weisse-spreewaldgurken.de\/index.php?rest_route=\/wp\/v2\/pages\/66\/revisions"}],"predecessor-version":[{"id":117,"href":"http:\/\/rot-weisse-spreewaldgurken.de\/index.php?rest_route=\/wp\/v2\/pages\/66\/revisions\/117"}],"wp:attachment":[{"href":"http:\/\/rot-weisse-spreewaldgurken.de\/index.php?rest_route=%2Fwp%2Fv2%2Fmedia&parent=66"}],"curies":[{"name":"wp","href":"https:\/\/api.w.org\/{rel}","templated":true}]}}