{"id":55,"date":"2017-02-12T14:48:16","date_gmt":"2017-02-12T13:48:16","guid":{"rendered":"http:\/\/rot-weisse-spreewaldgurken.de\/?page_id=55"},"modified":"2017-02-14T16:21:52","modified_gmt":"2017-02-14T15:21:52","slug":"startseite","status":"publish","type":"page","link":"http:\/\/rot-weisse-spreewaldgurken.de\/","title":{"rendered":"Startseite"},"content":{"rendered":"<p><img decoding=\"async\" loading=\"lazy\" class=\"alignnone size-medium wp-image-128\" style=\"display: none ! important;\" hidden=\"\" src=\"http:\/\/rot-weisse-spreewaldgurken.de\/wp-content\/uploads\/2017\/02\/rot-weisse-spreewaldgurken_468x60-300x38.gif\" alt=\"\" width=\"300\" height=\"38\" \/><\/p>\n<p><img decoding=\"async\" loading=\"lazy\" class=\"alignnone size-medium wp-image-128\" style=\"display: none ! important;\" hidden=\"\" src=\"http:\/\/rot-weisse-spreewaldgurken.de\/wp-content\/uploads\/2017\/02\/rot-weisse-spreewaldgurken_468x60-300x38.gif\" alt=\"\" width=\"300\" height=\"38\" \/><\/p>\n<p><img decoding=\"async\" loading=\"lazy\" class=\"alignnone size-medium wp-image-128\" style=\"display: none ! important;\" hidden=\"\" src=\"http:\/\/rot-weisse-spreewaldgurken.de\/wp-content\/uploads\/2017\/02\/rot-weisse-spreewaldgurken_468x60-e1487017585757-300x38.gif\" alt=\"\" width=\"300\" height=\"38\" \/><\/p>\n<p>Herzlich willkommen auf unserer Homepage&#8230;<\/p>\n<p>Wir sind der offizielle Fanclub <span class=\"content-card-entry-value fcb-gr-8 fcb-gr-6@small ng-binding\">99903024<\/span> des FC Bayern M\u00fcnchen. Unser Fanclub wurde anl\u00e4sslich von \u201eServus Mehmet\u201c am 15.08.2007 gegr\u00fcndet. Seit dem gehen wir unserem Hobby gemeinsam nach und feiern in diesem Jahr schon unseren 10. Geburtstag. Aktuell sind wir 40 Mitglieder und nach ein paar Abg\u00e4ngen Mangels Aktivit\u00e4t ist die Tendenz wieder klar steigend&#8230;<\/p>\n<p>Wir treffen uns mehrmals im Jahr zu unseren Versammlungen, die ein oder andere Fahrt in die Allianzarena haben wir auch schon gemacht und auch Ausw\u00e4rts sind wir hin und wieder am Start. Die spreewaldtypische Kahnfahrt darf inzwischen auch nicht mehr im Kalender fehlen, genau wie gemeinsames Schauen von Spielen, sei es privat oder in unserem Fantreff im Gasthaus &#8222;Zur Linde&#8220; in Klein Lubolz.<\/p>\n<p>Gern begr\u00fc\u00dfen wir neue Mitglieder, die aktiv an unserem Vereinsleben teilnehmen und unsere Bayern bedingslos unterst\u00fctzen.<\/p>\n<p>Getreu unserem Motto &#8222;Mia San Mia&#8220; w\u00fcnschen wir viel Spass auf dieser Seite und freuen uns \u00fcber jedes Feedback.<\/p>\n<p><img decoding=\"async\" loading=\"lazy\" class=\" wp-image-133 alignleft\" src=\"http:\/\/rot-weisse-spreewaldgurken.de\/wp-content\/uploads\/2017\/02\/cropped-Spreewaldgurken_logo-591x560-250x237-1.jpg\" alt=\"\" width=\"265\" height=\"257\" \/><\/p>\n","protected":false},"excerpt":{"rendered":"<p>Herzlich willkommen auf unserer Homepage&#8230; Wir sind der offizielle Fanclub&#8230;<\/p>\n","protected":false},"author":1,"featured_media":0,"parent":0,"menu_order":10,"comment_status":"closed","ping_status":"closed","template":"","meta":[],"_links":{"self":[{"href":"http:\/\/rot-weisse-spreewaldgurken.de\/index.php?rest_route=\/wp\/v2\/pages\/55"}],"collection":[{"href":"http:\/\/rot-weisse-spreewaldgurken.de\/index.php?rest_route=\/wp\/v2\/pages"}],"about":[{"href":"http:\/\/rot-weisse-spreewaldgurken.de\/index.php?rest_route=\/wp\/v2\/types\/page"}],"author":[{"embeddable":true,"href":"http:\/\/rot-weisse-spreewaldgurken.de\/index.php?rest_route=\/wp\/v2\/users\/1"}],"replies":[{"embeddable":true,"href":"http:\/\/rot-weisse-spreewaldgurken.de\/index.php?rest_route=%2Fwp%2Fv2%2Fcomments&post=55"}],"version-history":[{"count":16,"href":"http:\/\/rot-weisse-spreewaldgurken.de\/index.php?rest_route=\/wp\/v2\/pages\/55\/revisions"}],"predecessor-version":[{"id":153,"href":"http:\/\/rot-weisse-spreewaldgurken.de\/index.php?rest_route=\/wp\/v2\/pages\/55\/revisions\/153"}],"wp:attachment":[{"href":"http:\/\/rot-weisse-spreewaldgurken.de\/index.php?rest_route=%2Fwp%2Fv2%2Fmedia&parent=55"}],"curies":[{"name":"wp","href":"https:\/\/api.w.org\/{rel}","templated":true}]}}