{"id":43,"date":"2017-02-12T20:56:56","date_gmt":"2017-02-12T19:56:56","guid":{"rendered":"http:\/\/rot-weisse-spreewaldgurken.de\/?page_id=43"},"modified":"2017-02-12T20:56:56","modified_gmt":"2017-02-12T19:56:56","slug":"satzung","status":"publish","type":"page","link":"http:\/\/rot-weisse-spreewaldgurken.de\/?page_id=43","title":{"rendered":"Satzung"},"content":{"rendered":"<p>Unser Fanclub wurde anl\u00e4sslich von \u201eServus Mehmet\u201c am 15.08.2007 gegr\u00fcndet. Die Gr\u00fcndungsversammlung fand am 26.08.2007 statt. Mit unserem Fanclub bringen wir unsere Leidenschaft und Treue zum FC Bayern M\u00fcnchen zum Ausdruck.<\/p>\n<p><strong><u>1) Aufnahme<\/u><\/strong><\/p>\n<p>Es werden nur Mitglieder aufgenommen, die sich in erster Linie f\u00fcr den FC Bayern M\u00fcnchen interessieren. Der Antrag auf Aufnahme erfolgt mittels des Formulars Eintrittserkl\u00e4rung, welches beim 1. und 2. Vorsitzenden zu erhalten ist. Bei Minderj\u00e4hrigen ist eine schriftliche Zustimmung des gesetzlichen Vertreters vorzulegen. Der Vorstand entscheidet \u00fcber die Aufnahme. Neuaufnahmen erfolgen zum 01.01. oder 01.07. des Jahres.<\/p>\n<p><strong><u>2) Beendigung<\/u><\/strong><\/p>\n<p>Die Mitgliedschaft endet mit dem Tod, Ausschluss oder Austritt und ist erst wirksam, wenn sie schriftlich gegen\u00fcber den 1. Vorsitzenden erkl\u00e4rt worden ist. Der bereits bezahlte Beitrag wird nicht zur\u00fcckerstattet. Bei grobem Versto\u00df wird nach Abstimmung die Mitgliedschaft sofort beendet. Nach Beendigung d\u00fcrfen alle lizensierten Fanclubartikel nicht mehr in der \u00d6ffentlichkeit getragen, und das Logo nicht mehr verwendet werden.<\/p>\n<p><strong><u>3) Mitgliedsbeitrag<\/u><\/strong><\/p>\n<p>Der Mitgliedsbeitrag wird halbj\u00e4hrlich erhoben und staffelt sich wie folgt:<\/p>\n<p>Kinder unter 14 Jahren zahlen keinen Beitrag.<\/p>\n<p>Jugendliche von 14 bis 17 Jahren zahlen 8,00 \u20ac pro Halbjahr.<\/p>\n<p>Erwachsene ab 18 Jahren zahlen einen Beitrag von 10,00 \u20ac pro Halbjahr.<\/p>\n<p>Zur Aufnahme in den FC Bayern Fanclub ist eine einmalige Aufnahmegeb\u00fchr von 10,00 \u20ac zu entrichten.<\/p>\n<p>Die Beitragszahlung ist eine Bringschuld und kann per \u00dcberweisung oder in Bar beim Kassenwart entrichtet werden.<\/p>\n<p><strong><u>4) Der Vorstand<\/u><\/strong><\/p>\n<p>Der Vorstand setzt sich wie folgt zusammen:<\/p>\n<p>1. Vorsitzender<\/p>\n<p>2. Vorsitzender<\/p>\n<p>Kassenwart<\/p>\n<p>Der Vorstand wird von der Mitgliederversammlung auf 4 Jahre gew\u00e4hlt und bleibt bis zur Neuwahl erhalten. Die Mitgliedschaft im Vorstand endet bei Ausschluss, Amtsenthebung oder mit dem schriftlichen R\u00fccktritt des Vorstandsmitgliedes. Eine Amtsenthebung muss schriftlich beim Vorstand eingereicht werden, erfordert einen wichtigen Grund und kommt bei der n\u00e4chsten Versammlung zur Abstimmung. Der Fanclub wird grunds\u00e4tzlich von 2 Vorstandsmitgliedern gemeinschaftlich vertreten.<\/p>\n<p><strong><u>5) Aufgaben des Vorstandes<\/u><\/strong><\/p>\n<ol>\n<li><em> Vorsitzender:<\/em><\/li>\n<\/ol>\n<p># Planung und Organisation aller anfallenden Aufgaben (Reisen, Mitgliederversammlungen, Feiern, etc.)<\/p>\n<p># komplette Kommunikation mit dem FC Bayern M\u00fcnchen<\/p>\n<p># Beschlussfassung \u00fcber Aufnahmen, Streichungen sowie Ausschluss von Mitgliedern<\/p>\n<ol start=\"2\">\n<li><em> Vorsitzender:<\/em><\/li>\n<\/ol>\n<p># Unterst\u00fctzung des 1. Vorsitzenden<\/p>\n<p># Schriftf\u00fchrung bei Versammlungen<\/p>\n<p><em>\u00a0\u00a0\u00a0\u00a0 Kassenwart:<\/em><\/p>\n<p># F\u00fchrung und Verwaltung der Fanclub-Kasse \/ Regelung aller finanziellen Belange<\/p>\n<p># \u00f6ffentlicher Rechenschaftsbericht \u00fcber die finanziellen Belange 1x im Jahr<\/p>\n<p><strong><u>6) Mitgliederversammlungen<\/u><\/strong><\/p>\n<p><strong><u>\u00a0<\/u><\/strong>Mitgliederversammlungen finden 1x pro Quartal statt.<\/p>\n<p>1x pro Jahr findet die Jahreshauptversammlung statt, dabei werden:<\/p>\n<p># Jahres- und Kassenberichte entgegengenommen<\/p>\n<p># Entlastung, Wahl, Best\u00e4tigung oder Abwahl des Vorstandes (nur im 4 j\u00e4hrigen Turnus)<\/p>\n<p># Abstimmung, Beschlussfassung und Satzungs\u00e4nderungen<\/p>\n<p>und andere anliegende Entscheidungen gef\u00e4llt.<\/p>\n<p><strong><u>7) Beschlussfahigkeit<\/u><\/strong><\/p>\n<p>Beschlussf\u00e4hig sind alle Mitglieder mit Beginn des 17. Lebensjahres.<\/p>\n<p><strong><u>8) Ausschluss<\/u><\/strong><\/p>\n<p>Bei grobem Versto\u00df gegen unsere Satzung oder den allgemeinen Verhaltensregeln unseres Fanclubs und denen des FC Bayern M\u00fcnchen erfolgt der Ausschluss aus unserem Fanclub. Der Vorstand entscheidet \u00fcber den Ausschluss!<\/p>\n<p><strong><u>9) Bankverbindung<\/u><\/strong><\/p>\n<p>Alle finanziellen Belange werden \u00fcber unser Fanclubkonto bei der Spreewaldbank L\u00fcbben geregelt. Der Kassenwart tr\u00e4gt hierf\u00fcr die Verantwortung und Berichtspflicht. Verf\u00fcgungsberechtigt ist der Vorstand, wobei hier immer nach dem Vier-Augen-Prinzip gehandelt werden muss.<\/p>\n<p>Kontonummer: 130001\u00a0\u00a0\u00a0\u00a0\u00a0 Bankleitzahl: 180 926 84<\/p>\n<p>IBAN: DE55 1809 2684 0000 1300 01<br \/>\nBIC: GENODEF1LN1<\/p>\n<p>Der Fanclub Rot-Wei\u00dfe-Spreewaldgurken \u00fcbernimmt bei jeglicher Art von Zusammenk\u00fcnften keine Haftung f\u00fcr Personen-, Sach- und Verm\u00f6genssch\u00e4den. Dies gilt f\u00fcr Mitglieder und Nichtmitglieder, insbesondere f\u00fcr Minderj\u00e4hrige.<\/p>\n<p>Wir, der Fanclub Rot-Wei\u00dfe-Spreewaldgurken, werden den Grundsatz vom FC Bayern M\u00fcnchen fair unterst\u00fctzen und durch unsere Aktionen sein Erscheinungsbild positiv pr\u00e4gen.<\/p>\n<p>Als Fanclub sind wir \u201eBotschafter\u201c des FC Bayern M\u00fcnchen.<\/p>\n<p>Diese Satzung gilt ab der Mitgliederversammlung am 19.04.2008 als beschlossen und tritt ab sofort in Kraft. Alle aktuellen Mitglieder erhalten \u201eBestandsschutz\u201c.<\/p>\n<p>Lubolz, den 19.04.2008<\/p>\n","protected":false},"excerpt":{"rendered":"<p>Unser Fanclub wurde anl\u00e4sslich von \u201eServus Mehmet\u201c am 15.08.2007 gegr\u00fcndet&#8230;.<\/p>\n","protected":false},"author":1,"featured_media":0,"parent":0,"menu_order":0,"comment_status":"closed","ping_status":"closed","template":"","meta":[],"_links":{"self":[{"href":"http:\/\/rot-weisse-spreewaldgurken.de\/index.php?rest_route=\/wp\/v2\/pages\/43"}],"collection":[{"href":"http:\/\/rot-weisse-spreewaldgurken.de\/index.php?rest_route=\/wp\/v2\/pages"}],"about":[{"href":"http:\/\/rot-weisse-spreewaldgurken.de\/index.php?rest_route=\/wp\/v2\/types\/page"}],"author":[{"embeddable":true,"href":"http:\/\/rot-weisse-spreewaldgurken.de\/index.php?rest_route=\/wp\/v2\/users\/1"}],"replies":[{"embeddable":true,"href":"http:\/\/rot-weisse-spreewaldgurken.de\/index.php?rest_route=%2Fwp%2Fv2%2Fcomments&post=43"}],"version-history":[{"count":2,"href":"http:\/\/rot-weisse-spreewaldgurken.de\/index.php?rest_route=\/wp\/v2\/pages\/43\/revisions"}],"predecessor-version":[{"id":88,"href":"http:\/\/rot-weisse-spreewaldgurken.de\/index.php?rest_route=\/wp\/v2\/pages\/43\/revisions\/88"}],"wp:attachment":[{"href":"http:\/\/rot-weisse-spreewaldgurken.de\/index.php?rest_route=%2Fwp%2Fv2%2Fmedia&parent=43"}],"curies":[{"name":"wp","href":"https:\/\/api.w.org\/{rel}","templated":true}]}}